{"id":3388,"date":"2026-02-02T23:10:17","date_gmt":"2026-02-02T23:10:17","guid":{"rendered":"https:\/\/www.confer.co.nz\/icg2026\/?page_id=3388"},"modified":"2026-02-02T23:47:52","modified_gmt":"2026-02-02T23:47:52","slug":"field-trip-field-guides","status":"publish","type":"page","link":"https:\/\/www.confer.co.nz\/icg2026\/field-trip-field-guides\/","title":{"rendered":"Field Trip Field Guides"},"content":{"rendered":"\n<h1>\n\t\t\tField Trip Field Guides\t<\/h1>\n\t<p>If you are signed up for any of the field trips below, please ensure you read the <em>Field Guides<\/em> below for useful information regarding your the relevant trip\/s.<\/p>\n<p><strong>Click on links below<\/strong> to open the Field Guides for each field trip.<\/p>\n<h2>\n\t\t\tPre Conference Field Trips\t<\/h2>\n\t<ul>\n<li><a href=\"https:\/\/drive.google.com\/file\/d\/1vINXH9I4DGmsxWifRTW5uJU0mR67jSrI\/view?usp=sharing\" target=\"_blank\" rel=\"noopener\"><u>Cass Field Trip<\/u><\/a><\/li>\n<\/ul>\n<h2>\n\t\t\tMid Conference Field Trips\t<\/h2>\n\t<ul>\n<li><a href=\"https:\/\/drive.google.com\/file\/d\/11elE54NPOMPTauUvxG20Ez5S1JT9ujD3\/view?usp=drive_link\" target=\"_blank\" rel=\"noopener\">Coastal Geomorphology of the Northern Canterbury Coastline<\/a><\/li>\n<li><a href=\"https:\/\/drive.google.com\/file\/d\/1pw6IG1DrqL9Zplo3Cmud2B-FqQztXz31\/view?usp=sharing\" target=\"_blank\" rel=\"noopener\">Earthquake Faulting and the Leader River Landslide Dam<\/a><\/li>\n<li><a href=\"https:\/\/drive.google.com\/file\/d\/1vI8CxTiQdEdCmeTU_PWQH6w98EC_8NPq\/view?usp=sharing\" target=\"_blank\" rel=\"noopener\">Engineering Geomorphology and Alpine Hazards Around Arthur&#8217;s Pass, Southern Alps<\/a><\/li>\n<li><a href=\"https:\/\/drive.google.com\/file\/d\/1P3yalz9WnqdKii6H0U8FrBL3ky0p71Vu\/view?usp=sharing\" target=\"_blank\" rel=\"noopener\">Glacial Geomorphology of the Waimakariri Valley in Canterbury<\/a><\/li>\n<li><a href=\"https:\/\/drive.google.com\/file\/d\/1XyaUMqn-IkWTsNT-pn2qm6EYusKow7BD\/view?usp=sharing\" target=\"_blank\" rel=\"noopener\">Landscape Layers of Te P\u0101taka-o-R\u0101kaihaut\u016b Banks Peninsula: Volcanic and soil geomorphology and their connections to place<\/a><\/li>\n<li><a href=\"https:\/\/drive.google.com\/file\/d\/1tAHrGyR0QZeJzKGDyT0exUJyu55Hu6Q-\/view?usp=sharing\" target=\"_blank\" rel=\"noopener\">River geomorphology and management in a Canterbury braided river: A tour of the Waimakariri catchment<\/a><\/li>\n<li><a href=\"https:\/\/drive.google.com\/file\/d\/1FDm4aX6g29_mfo5Yu_9vIE48hJZw1bA1\/view?usp=sharing\" target=\"_blank\" rel=\"noopener\">Seismically-Induced Landscape Evolution and Environmental Impacts in \u014ctautahi Christchurch<\/a><\/li>\n<li><a href=\"https:\/\/drive.google.com\/file\/d\/1zK5yfmzytAa6gHq9HlhGN5KZ7kkn6f69\/view?usp=sharing\" target=\"_blank\" rel=\"noopener\">Walking Tour of Kaik\u014dura Peninsula Tectonics and Rock Coasts<\/a><\/li>\n<\/ul>\n<h2>\n\t\t\tPost Conference Field Trips\t<\/h2>\n\t<ul>\n<li><a href=\"https:\/\/drive.google.com\/file\/d\/1IPU9yI4UP9my1MmAbsn7ecj5UUXb5WHh\/view?usp=sharing\" target=\"_blank\" rel=\"noopener\">Geomorphology of the New Zealand Southern Alps<\/a><\/li>\n<\/ul>\n\n","protected":false},"excerpt":{"rendered":"<p>Field Trip Field Guides If you are signed up for any of the field trips below, please ensure you read the Field Guides below for useful information regarding your the relevant trip\/s. Click on links below to open the Field Guides for each field trip. Pre Conference Field Trips Cass Field Trip Mid Conference Field&hellip;<\/p>\n","protected":false},"author":4,"featured_media":0,"parent":0,"menu_order":0,"comment_status":"closed","ping_status":"closed","template":"","meta":{"footnotes":""},"class_list":["post-3388","page","type-page","status-publish","hentry"],"yoast_head":"<!-- This site is optimized with the Yoast SEO plugin v27.0 - https:\/\/yoast.com\/product\/yoast-seo-wordpress\/ -->\n<title>Field Trip Field Guides - 2026 IAG International Conference on Geomorphology<\/title>\n<meta name=\"description\" content=\"Field Trip Field Guides If you are signed up for any of the field trips below, please ensure you read the Field Guides below for useful information\" \/>\n<meta name=\"robots\" content=\"index, follow, max-snippet:-1, max-image-preview:large, max-video-preview:-1\" \/>\n<link rel=\"canonical\" href=\"https:\/\/www.confer.co.nz\/icg2026\/field-trip-field-guides\/\" \/>\n<meta property=\"og:locale\" content=\"en_US\" \/>\n<meta property=\"og:type\" content=\"article\" \/>\n<meta property=\"og:title\" content=\"Field Trip Field Guides - 2026 IAG International Conference on Geomorphology\" \/>\n<meta property=\"og:description\" content=\"Field Trip Field Guides If you are signed up for any of the field trips below, please ensure you read the Field Guides below for useful information\" \/>\n<meta property=\"og:url\" content=\"https:\/\/www.confer.co.nz\/icg2026\/field-trip-field-guides\/\" \/>\n<meta property=\"og:site_name\" content=\"2026 IAG International Conference on Geomorphology\" \/>\n<meta property=\"article:modified_time\" content=\"2026-02-02T23:47:52+00:00\" \/>\n<meta name=\"twitter:card\" content=\"summary_large_image\" \/>\n<meta name=\"twitter:label1\" content=\"Est. reading time\" \/>\n\t<meta name=\"twitter:data1\" content=\"2 minutes\" \/>\n<script type=\"application\/ld+json\" class=\"yoast-schema-graph\">{\"@context\":\"https:\/\/schema.org\",\"@graph\":[{\"@type\":\"WebPage\",\"@id\":\"https:\/\/www.confer.co.nz\/icg2026\/field-trip-field-guides\/\",\"url\":\"https:\/\/www.confer.co.nz\/icg2026\/field-trip-field-guides\/\",\"name\":\"Field Trip Field Guides - 2026 IAG International Conference on Geomorphology\",\"isPartOf\":{\"@id\":\"https:\/\/www.confer.co.nz\/icg2026\/#website\"},\"datePublished\":\"2026-02-02T23:10:17+00:00\",\"dateModified\":\"2026-02-02T23:47:52+00:00\",\"description\":\"Field Trip Field Guides If you are signed up for any of the field trips below, please ensure you read the Field Guides below for useful information\",\"breadcrumb\":{\"@id\":\"https:\/\/www.confer.co.nz\/icg2026\/field-trip-field-guides\/#breadcrumb\"},\"inLanguage\":\"en\",\"potentialAction\":[{\"@type\":\"ReadAction\",\"target\":[\"https:\/\/www.confer.co.nz\/icg2026\/field-trip-field-guides\/\"]}]},{\"@type\":\"BreadcrumbList\",\"@id\":\"https:\/\/www.confer.co.nz\/icg2026\/field-trip-field-guides\/#breadcrumb\",\"itemListElement\":[{\"@type\":\"ListItem\",\"position\":1,\"name\":\"Home\",\"item\":\"https:\/\/www.confer.co.nz\/icg2026\/\"},{\"@type\":\"ListItem\",\"position\":2,\"name\":\"Field Trip Field Guides\"}]},{\"@type\":\"WebSite\",\"@id\":\"https:\/\/www.confer.co.nz\/icg2026\/#website\",\"url\":\"https:\/\/www.confer.co.nz\/icg2026\/\",\"name\":\"2026 IAG International Conference on Geomorphology\",\"description\":\"Official 2026 Conference Website\",\"publisher\":{\"@id\":\"https:\/\/www.confer.co.nz\/icg2026\/#organization\"},\"potentialAction\":[{\"@type\":\"SearchAction\",\"target\":{\"@type\":\"EntryPoint\",\"urlTemplate\":\"https:\/\/www.confer.co.nz\/icg2026\/?s={search_term_string}\"},\"query-input\":{\"@type\":\"PropertyValueSpecification\",\"valueRequired\":true,\"valueName\":\"search_term_string\"}}],\"inLanguage\":\"en\"},{\"@type\":\"Organization\",\"@id\":\"https:\/\/www.confer.co.nz\/icg2026\/#organization\",\"name\":\"11th IAG International Conference on Geomorphology 2026\",\"url\":\"https:\/\/www.confer.co.nz\/icg2026\/\",\"logo\":{\"@type\":\"ImageObject\",\"inLanguage\":\"en\",\"@id\":\"https:\/\/www.confer.co.nz\/icg2026\/#\/schema\/logo\/image\/\",\"url\":\"https:\/\/www.confer.co.nz\/icg2026\/wp-content\/uploads\/2017\/12\/footer-logo1.jpg\",\"contentUrl\":\"https:\/\/www.confer.co.nz\/icg2026\/wp-content\/uploads\/2017\/12\/footer-logo1.jpg\",\"width\":613,\"height\":198,\"caption\":\"11th IAG International Conference on Geomorphology 2026\"},\"image\":{\"@id\":\"https:\/\/www.confer.co.nz\/icg2026\/#\/schema\/logo\/image\/\"}}]}<\/script>\n<!-- \/ Yoast SEO plugin. -->","yoast_head_json":{"title":"Field Trip Field Guides - 2026 IAG International Conference on Geomorphology","description":"Field Trip Field Guides If you are signed up for any of the field trips below, please ensure you read the Field Guides below for useful information","robots":{"index":"index","follow":"follow","max-snippet":"max-snippet:-1","max-image-preview":"max-image-preview:large","max-video-preview":"max-video-preview:-1"},"canonical":"https:\/\/www.confer.co.nz\/icg2026\/field-trip-field-guides\/","og_locale":"en_US","og_type":"article","og_title":"Field Trip Field Guides - 2026 IAG International Conference on Geomorphology","og_description":"Field Trip Field Guides If you are signed up for any of the field trips below, please ensure you read the Field Guides below for useful information","og_url":"https:\/\/www.confer.co.nz\/icg2026\/field-trip-field-guides\/","og_site_name":"2026 IAG International Conference on Geomorphology","article_modified_time":"2026-02-02T23:47:52+00:00","twitter_card":"summary_large_image","twitter_misc":{"Est. reading time":"2 minutes"},"schema":{"@context":"https:\/\/schema.org","@graph":[{"@type":"WebPage","@id":"https:\/\/www.confer.co.nz\/icg2026\/field-trip-field-guides\/","url":"https:\/\/www.confer.co.nz\/icg2026\/field-trip-field-guides\/","name":"Field Trip Field Guides - 2026 IAG International Conference on Geomorphology","isPartOf":{"@id":"https:\/\/www.confer.co.nz\/icg2026\/#website"},"datePublished":"2026-02-02T23:10:17+00:00","dateModified":"2026-02-02T23:47:52+00:00","description":"Field Trip Field Guides If you are signed up for any of the field trips below, please ensure you read the Field Guides below for useful information","breadcrumb":{"@id":"https:\/\/www.confer.co.nz\/icg2026\/field-trip-field-guides\/#breadcrumb"},"inLanguage":"en","potentialAction":[{"@type":"ReadAction","target":["https:\/\/www.confer.co.nz\/icg2026\/field-trip-field-guides\/"]}]},{"@type":"BreadcrumbList","@id":"https:\/\/www.confer.co.nz\/icg2026\/field-trip-field-guides\/#breadcrumb","itemListElement":[{"@type":"ListItem","position":1,"name":"Home","item":"https:\/\/www.confer.co.nz\/icg2026\/"},{"@type":"ListItem","position":2,"name":"Field Trip Field Guides"}]},{"@type":"WebSite","@id":"https:\/\/www.confer.co.nz\/icg2026\/#website","url":"https:\/\/www.confer.co.nz\/icg2026\/","name":"2026 IAG International Conference on Geomorphology","description":"Official 2026 Conference Website","publisher":{"@id":"https:\/\/www.confer.co.nz\/icg2026\/#organization"},"potentialAction":[{"@type":"SearchAction","target":{"@type":"EntryPoint","urlTemplate":"https:\/\/www.confer.co.nz\/icg2026\/?s={search_term_string}"},"query-input":{"@type":"PropertyValueSpecification","valueRequired":true,"valueName":"search_term_string"}}],"inLanguage":"en"},{"@type":"Organization","@id":"https:\/\/www.confer.co.nz\/icg2026\/#organization","name":"11th IAG International Conference on Geomorphology 2026","url":"https:\/\/www.confer.co.nz\/icg2026\/","logo":{"@type":"ImageObject","inLanguage":"en","@id":"https:\/\/www.confer.co.nz\/icg2026\/#\/schema\/logo\/image\/","url":"https:\/\/www.confer.co.nz\/icg2026\/wp-content\/uploads\/2017\/12\/footer-logo1.jpg","contentUrl":"https:\/\/www.confer.co.nz\/icg2026\/wp-content\/uploads\/2017\/12\/footer-logo1.jpg","width":613,"height":198,"caption":"11th IAG International Conference on Geomorphology 2026"},"image":{"@id":"https:\/\/www.confer.co.nz\/icg2026\/#\/schema\/logo\/image\/"}}]}},"_links":{"self":[{"href":"https:\/\/www.confer.co.nz\/icg2026\/wp-json\/wp\/v2\/pages\/3388","targetHints":{"allow":["GET"]}}],"collection":[{"href":"https:\/\/www.confer.co.nz\/icg2026\/wp-json\/wp\/v2\/pages"}],"about":[{"href":"https:\/\/www.confer.co.nz\/icg2026\/wp-json\/wp\/v2\/types\/page"}],"author":[{"embeddable":true,"href":"https:\/\/www.confer.co.nz\/icg2026\/wp-json\/wp\/v2\/users\/4"}],"replies":[{"embeddable":true,"href":"https:\/\/www.confer.co.nz\/icg2026\/wp-json\/wp\/v2\/comments?post=3388"}],"version-history":[{"count":3,"href":"https:\/\/www.confer.co.nz\/icg2026\/wp-json\/wp\/v2\/pages\/3388\/revisions"}],"predecessor-version":[{"id":3393,"href":"https:\/\/www.confer.co.nz\/icg2026\/wp-json\/wp\/v2\/pages\/3388\/revisions\/3393"}],"wp:attachment":[{"href":"https:\/\/www.confer.co.nz\/icg2026\/wp-json\/wp\/v2\/media?parent=3388"}],"curies":[{"name":"wp","href":"https:\/\/api.w.org\/{rel}","templated":true}]}}