{"id":2376,"date":"2023-04-03T02:31:04","date_gmt":"2023-04-03T02:31:04","guid":{"rendered":"https:\/\/www.confer.co.nz\/scarbiology2023\/?page_id=2376"},"modified":"2023-07-30T23:26:33","modified_gmt":"2023-07-30T23:26:33","slug":"speaker-2","status":"publish","type":"page","link":"https:\/\/www.confer.co.nz\/scarbiology2023\/speaker-2\/","title":{"rendered":"Speaker"},"content":{"rendered":"\n<h1>\n\t\tKeynote Speakers\n\t<\/h1>\n\t\t\t\t<img decoding=\"async\" src=\"http:\/\/www.confer.co.nz\/scarbiology2023\/wp-content\/uploads\/2023\/03\/Picture1-300x300.jpg\" alt=\"Picture1\" itemprop=\"image\" title=\"Picture1\" onerror=\"this.style.display='none'\"  \/>\n\t<h3>Prof. Dana Bergstrom<\/h3>\n<p>Prof. Dana M. Bergstrom, is an Antarctic ecologist, writer and science communicator. She first travelled south to Macquarie Island as an energetic 21 year old, almost 40 years ago, and the southern realm has captured her heart and mind ever since. Her research has focused on improving understanding of Antarctic and subantarctic ecosystems. She has spent decades initiating and leading applied conservation science, shaping how Antarctica and subantarctic islands are viewed and protected. She is a founding member of SCAR&#8217;s ANTOS program, holds an Honorary Visiting Professorship at the University of Johannesburg, South Africa and is also an Honorary Visiting Fellow at the University of Wollongong, Australia, after two decades at the Australian Antarctic Division. She is the writer of the podcast musical <em>Antarctica, Beneath the Storm<\/em>.<\/p>\n\t\t\t\t<img decoding=\"async\" src=\"http:\/\/www.confer.co.nz\/scarbiology2023\/wp-content\/uploads\/2023\/03\/Picture2-300x300.jpg\" alt=\"Picture2\" itemprop=\"image\" title=\"Picture2\" onerror=\"this.style.display='none'\"  \/>\n\t<h3>Dr Cassandra Brooks<\/h3>\n<p>Dr. Cassandra Brooks is an Assistant Professor at the University of Colorado Boulder who works across the science-policy-public interface to advance marine conservation in the Antarctic. She studies life history connectivity of Antarctic fish, and was a core member of <em>The Last Ocean, <\/em>a grand-scale media project focused on protecting the Ross Sea. This effort helped drive the adoption of the world&#8217;s largest marine protected area in the Ross Sea, Antarctica. She received a Switzer Environmental Leadership Award, Society of Women Geographers Jackie Ronne Award, Explorer&#8217;s Club 50 honor, and the Association for Environmental Studies &amp; Sciences Early Career Award.<\/p>\n\t\t\t\t<img decoding=\"async\" src=\"http:\/\/www.confer.co.nz\/scarbiology2023\/wp-content\/uploads\/2023\/03\/Picture3-300x300.jpg\" alt=\"Picture3\" itemprop=\"image\" title=\"Picture3\" onerror=\"this.style.display='none'\"  \/>\n\t<h3>Dr Huw Griffiths<\/h3>\n<p>Huw is a marine biogeographer with an interest in the Polar Regions and completed a PhD in Southern Ocean marine biogeography with the British Antarctic Survey and Open University. He mostly study the animals that live at the bottom of the sea around Antarctica and the Arctic. He also study the potential effects of marine protected areas, climate change, human impacts and pollution on these unique ecosystems. Huw, has worked for the British Antarctic Survey since the year 2000 and has participated in multiple expeditions to Antarctica and the Arctic, studying everything from the intertidal to the deep sea.<\/p>\n<p>Huw is a passionate believer in science communication and making science more accessible to the public, policy makers and government. In 2020 he won the SCAR Medal for Education and Communication. He regularly presents work to the media, schools, open days and special events and has written two plain language advice documents for the Antarctic Environments Portal, he is also an author on both United Nations World Ocean Assessments. Huw has also worked with BBC Earth on Blue Planet II and is an advisor to Frozen Planet II.<\/p>\n\t\t\t\t<img decoding=\"async\" src=\"http:\/\/www.confer.co.nz\/scarbiology2023\/wp-content\/uploads\/2023\/07\/Michael-Circle-1.png\" alt=\"Michael Circle\" itemprop=\"image\" title=\"Michael Circle\" onerror=\"this.style.display='none'\"  \/>\n\t<h3>Dr. Michael Stevens<\/h3>\n<p>Dr Michael Stevens is one of a small group of M\u0101ori scholars who have moved out of university appointments and into iwi-centred positions, in order to develop fresh perspectives upon Indigenous histories.<\/p>\n<p>A self-employed historian, he works with and for various Ng\u0101i Tahu institutions, including the Archive Team at Te R\u016bnanga o Ng\u0101i Tahu.<\/p>\n<p>Michael&#8217;s work spans cartography, literacy, maritime history, and historiography. He has pinpointed and documented the immense importance of seafaring and marine mobility for Southern M\u0101ori and M\u0101ori-Pakeha, not just for subsistence or economic reasons but pervasively through family and social life, traditions and relationships.\u00a0 He is shifting the boundaries of Indigenous historical research both inward to the person and outward to interactions across Oceania.<\/p>\n\n","protected":false},"excerpt":{"rendered":"<p>Keynote Speakers Prof. Dana Bergstrom Prof. Dana M. Bergstrom, is an Antarctic ecologist, writer and science communicator. She first travelled south to Macquarie Island as an energetic 21 year old, almost 40 years ago, and the southern realm has captured her heart and mind ever since. Her research has focused on improving understanding of Antarctic&hellip;<\/p>\n","protected":false},"author":3,"featured_media":0,"parent":0,"menu_order":0,"comment_status":"closed","ping_status":"closed","template":"","meta":{"footnotes":""},"class_list":["post-2376","page","type-page","status-publish","hentry"],"yoast_head":"<!-- This site is optimized with the Yoast SEO plugin v27.1.1 - https:\/\/yoast.com\/product\/yoast-seo-wordpress\/ -->\n<title>Speaker - SCAR Biology 2023<\/title>\n<meta name=\"description\" content=\"Keynote Speakers Prof. Dana Bergstrom Prof. Dana M. Bergstrom, is an Antarctic ecologist, writer and science communicator. She first travelled south to\" \/>\n<meta name=\"robots\" content=\"index, follow, max-snippet:-1, max-image-preview:large, max-video-preview:-1\" \/>\n<link rel=\"canonical\" href=\"https:\/\/www.confer.co.nz\/scarbiology2023\/speaker-2\/\" \/>\n<meta property=\"og:locale\" content=\"en_US\" \/>\n<meta property=\"og:type\" content=\"article\" \/>\n<meta property=\"og:title\" content=\"Speaker - SCAR Biology 2023\" \/>\n<meta property=\"og:description\" content=\"Keynote Speakers Prof. Dana Bergstrom Prof. Dana M. Bergstrom, is an Antarctic ecologist, writer and science communicator. She first travelled south to\" \/>\n<meta property=\"og:url\" content=\"https:\/\/www.confer.co.nz\/scarbiology2023\/speaker-2\/\" \/>\n<meta property=\"og:site_name\" content=\"SCAR Biology 2023\" \/>\n<meta property=\"article:modified_time\" content=\"2023-07-30T23:26:33+00:00\" \/>\n<meta property=\"og:image\" content=\"http:\/\/www.confer.co.nz\/scarbiology2023\/wp-content\/uploads\/2023\/03\/Picture1-300x300.jpg\" \/>\n<meta name=\"twitter:card\" content=\"summary_large_image\" \/>\n<meta name=\"twitter:label1\" content=\"Est. reading time\" \/>\n\t<meta name=\"twitter:data1\" content=\"3 minutes\" \/>\n<script type=\"application\/ld+json\" class=\"yoast-schema-graph\">{\"@context\":\"https:\/\/schema.org\",\"@graph\":[{\"@type\":\"WebPage\",\"@id\":\"https:\/\/www.confer.co.nz\/scarbiology2023\/speaker-2\/\",\"url\":\"https:\/\/www.confer.co.nz\/scarbiology2023\/speaker-2\/\",\"name\":\"Speaker - SCAR Biology 2023\",\"isPartOf\":{\"@id\":\"https:\/\/www.confer.co.nz\/scarbiology2023\/#website\"},\"primaryImageOfPage\":{\"@id\":\"https:\/\/www.confer.co.nz\/scarbiology2023\/speaker-2\/#primaryimage\"},\"image\":{\"@id\":\"https:\/\/www.confer.co.nz\/scarbiology2023\/speaker-2\/#primaryimage\"},\"thumbnailUrl\":\"http:\/\/www.confer.co.nz\/scarbiology2023\/wp-content\/uploads\/2023\/03\/Picture1-300x300.jpg\",\"datePublished\":\"2023-04-03T02:31:04+00:00\",\"dateModified\":\"2023-07-30T23:26:33+00:00\",\"description\":\"Keynote Speakers Prof. Dana Bergstrom Prof. Dana M. Bergstrom, is an Antarctic ecologist, writer and science communicator. She first travelled south to\",\"breadcrumb\":{\"@id\":\"https:\/\/www.confer.co.nz\/scarbiology2023\/speaker-2\/#breadcrumb\"},\"inLanguage\":\"en\",\"potentialAction\":[{\"@type\":\"ReadAction\",\"target\":[\"https:\/\/www.confer.co.nz\/scarbiology2023\/speaker-2\/\"]}]},{\"@type\":\"ImageObject\",\"inLanguage\":\"en\",\"@id\":\"https:\/\/www.confer.co.nz\/scarbiology2023\/speaker-2\/#primaryimage\",\"url\":\"http:\/\/www.confer.co.nz\/scarbiology2023\/wp-content\/uploads\/2023\/03\/Picture1-300x300.jpg\",\"contentUrl\":\"http:\/\/www.confer.co.nz\/scarbiology2023\/wp-content\/uploads\/2023\/03\/Picture1-300x300.jpg\"},{\"@type\":\"BreadcrumbList\",\"@id\":\"https:\/\/www.confer.co.nz\/scarbiology2023\/speaker-2\/#breadcrumb\",\"itemListElement\":[{\"@type\":\"ListItem\",\"position\":1,\"name\":\"Home\",\"item\":\"https:\/\/www.confer.co.nz\/scarbiology2023\/\"},{\"@type\":\"ListItem\",\"position\":2,\"name\":\"Speaker\"}]},{\"@type\":\"WebSite\",\"@id\":\"https:\/\/www.confer.co.nz\/scarbiology2023\/#website\",\"url\":\"https:\/\/www.confer.co.nz\/scarbiology2023\/\",\"name\":\"SCAR Biology 2023\",\"description\":\"Official 2023 Conference Website\",\"publisher\":{\"@id\":\"https:\/\/www.confer.co.nz\/scarbiology2023\/#organization\"},\"potentialAction\":[{\"@type\":\"SearchAction\",\"target\":{\"@type\":\"EntryPoint\",\"urlTemplate\":\"https:\/\/www.confer.co.nz\/scarbiology2023\/?s={search_term_string}\"},\"query-input\":{\"@type\":\"PropertyValueSpecification\",\"valueRequired\":true,\"valueName\":\"search_term_string\"}}],\"inLanguage\":\"en\"},{\"@type\":\"Organization\",\"@id\":\"https:\/\/www.confer.co.nz\/scarbiology2023\/#organization\",\"name\":\"XIII SCAR Biology Symposium 2023\",\"url\":\"https:\/\/www.confer.co.nz\/scarbiology2023\/\",\"logo\":{\"@type\":\"ImageObject\",\"inLanguage\":\"en\",\"@id\":\"https:\/\/www.confer.co.nz\/scarbiology2023\/#\/schema\/logo\/image\/\",\"url\":\"https:\/\/www.confer.co.nz\/scarbiology2023\/wp-content\/uploads\/2017\/12\/SCAR2023-logo4.png\",\"contentUrl\":\"https:\/\/www.confer.co.nz\/scarbiology2023\/wp-content\/uploads\/2017\/12\/SCAR2023-logo4.png\",\"width\":780,\"height\":401,\"caption\":\"XIII SCAR Biology Symposium 2023\"},\"image\":{\"@id\":\"https:\/\/www.confer.co.nz\/scarbiology2023\/#\/schema\/logo\/image\/\"}}]}<\/script>\n<!-- \/ Yoast SEO plugin. -->","yoast_head_json":{"title":"Speaker - SCAR Biology 2023","description":"Keynote Speakers Prof. Dana Bergstrom Prof. Dana M. Bergstrom, is an Antarctic ecologist, writer and science communicator. She first travelled south to","robots":{"index":"index","follow":"follow","max-snippet":"max-snippet:-1","max-image-preview":"max-image-preview:large","max-video-preview":"max-video-preview:-1"},"canonical":"https:\/\/www.confer.co.nz\/scarbiology2023\/speaker-2\/","og_locale":"en_US","og_type":"article","og_title":"Speaker - SCAR Biology 2023","og_description":"Keynote Speakers Prof. Dana Bergstrom Prof. Dana M. Bergstrom, is an Antarctic ecologist, writer and science communicator. She first travelled south to","og_url":"https:\/\/www.confer.co.nz\/scarbiology2023\/speaker-2\/","og_site_name":"SCAR Biology 2023","article_modified_time":"2023-07-30T23:26:33+00:00","og_image":[{"url":"http:\/\/www.confer.co.nz\/scarbiology2023\/wp-content\/uploads\/2023\/03\/Picture1-300x300.jpg","type":"","width":"","height":""}],"twitter_card":"summary_large_image","twitter_misc":{"Est. reading time":"3 minutes"},"schema":{"@context":"https:\/\/schema.org","@graph":[{"@type":"WebPage","@id":"https:\/\/www.confer.co.nz\/scarbiology2023\/speaker-2\/","url":"https:\/\/www.confer.co.nz\/scarbiology2023\/speaker-2\/","name":"Speaker - SCAR Biology 2023","isPartOf":{"@id":"https:\/\/www.confer.co.nz\/scarbiology2023\/#website"},"primaryImageOfPage":{"@id":"https:\/\/www.confer.co.nz\/scarbiology2023\/speaker-2\/#primaryimage"},"image":{"@id":"https:\/\/www.confer.co.nz\/scarbiology2023\/speaker-2\/#primaryimage"},"thumbnailUrl":"http:\/\/www.confer.co.nz\/scarbiology2023\/wp-content\/uploads\/2023\/03\/Picture1-300x300.jpg","datePublished":"2023-04-03T02:31:04+00:00","dateModified":"2023-07-30T23:26:33+00:00","description":"Keynote Speakers Prof. Dana Bergstrom Prof. Dana M. Bergstrom, is an Antarctic ecologist, writer and science communicator. She first travelled south to","breadcrumb":{"@id":"https:\/\/www.confer.co.nz\/scarbiology2023\/speaker-2\/#breadcrumb"},"inLanguage":"en","potentialAction":[{"@type":"ReadAction","target":["https:\/\/www.confer.co.nz\/scarbiology2023\/speaker-2\/"]}]},{"@type":"ImageObject","inLanguage":"en","@id":"https:\/\/www.confer.co.nz\/scarbiology2023\/speaker-2\/#primaryimage","url":"http:\/\/www.confer.co.nz\/scarbiology2023\/wp-content\/uploads\/2023\/03\/Picture1-300x300.jpg","contentUrl":"http:\/\/www.confer.co.nz\/scarbiology2023\/wp-content\/uploads\/2023\/03\/Picture1-300x300.jpg"},{"@type":"BreadcrumbList","@id":"https:\/\/www.confer.co.nz\/scarbiology2023\/speaker-2\/#breadcrumb","itemListElement":[{"@type":"ListItem","position":1,"name":"Home","item":"https:\/\/www.confer.co.nz\/scarbiology2023\/"},{"@type":"ListItem","position":2,"name":"Speaker"}]},{"@type":"WebSite","@id":"https:\/\/www.confer.co.nz\/scarbiology2023\/#website","url":"https:\/\/www.confer.co.nz\/scarbiology2023\/","name":"SCAR Biology 2023","description":"Official 2023 Conference Website","publisher":{"@id":"https:\/\/www.confer.co.nz\/scarbiology2023\/#organization"},"potentialAction":[{"@type":"SearchAction","target":{"@type":"EntryPoint","urlTemplate":"https:\/\/www.confer.co.nz\/scarbiology2023\/?s={search_term_string}"},"query-input":{"@type":"PropertyValueSpecification","valueRequired":true,"valueName":"search_term_string"}}],"inLanguage":"en"},{"@type":"Organization","@id":"https:\/\/www.confer.co.nz\/scarbiology2023\/#organization","name":"XIII SCAR Biology Symposium 2023","url":"https:\/\/www.confer.co.nz\/scarbiology2023\/","logo":{"@type":"ImageObject","inLanguage":"en","@id":"https:\/\/www.confer.co.nz\/scarbiology2023\/#\/schema\/logo\/image\/","url":"https:\/\/www.confer.co.nz\/scarbiology2023\/wp-content\/uploads\/2017\/12\/SCAR2023-logo4.png","contentUrl":"https:\/\/www.confer.co.nz\/scarbiology2023\/wp-content\/uploads\/2017\/12\/SCAR2023-logo4.png","width":780,"height":401,"caption":"XIII SCAR Biology Symposium 2023"},"image":{"@id":"https:\/\/www.confer.co.nz\/scarbiology2023\/#\/schema\/logo\/image\/"}}]}},"_links":{"self":[{"href":"https:\/\/www.confer.co.nz\/scarbiology2023\/wp-json\/wp\/v2\/pages\/2376","targetHints":{"allow":["GET"]}}],"collection":[{"href":"https:\/\/www.confer.co.nz\/scarbiology2023\/wp-json\/wp\/v2\/pages"}],"about":[{"href":"https:\/\/www.confer.co.nz\/scarbiology2023\/wp-json\/wp\/v2\/types\/page"}],"author":[{"embeddable":true,"href":"https:\/\/www.confer.co.nz\/scarbiology2023\/wp-json\/wp\/v2\/users\/3"}],"replies":[{"embeddable":true,"href":"https:\/\/www.confer.co.nz\/scarbiology2023\/wp-json\/wp\/v2\/comments?post=2376"}],"version-history":[{"count":3,"href":"https:\/\/www.confer.co.nz\/scarbiology2023\/wp-json\/wp\/v2\/pages\/2376\/revisions"}],"predecessor-version":[{"id":2521,"href":"https:\/\/www.confer.co.nz\/scarbiology2023\/wp-json\/wp\/v2\/pages\/2376\/revisions\/2521"}],"wp:attachment":[{"href":"https:\/\/www.confer.co.nz\/scarbiology2023\/wp-json\/wp\/v2\/media?parent=2376"}],"curies":[{"name":"wp","href":"https:\/\/api.w.org\/{rel}","templated":true}]}}